{"id":2208,"date":"2026-03-02T18:17:38","date_gmt":"2026-03-02T18:17:38","guid":{"rendered":""},"modified":"2026-03-25T15:42:09","modified_gmt":"2026-03-25T15:42:09","slug":"sobre-nosotros","status":"publish","type":"page","link":"https:\/\/escortsenbarcelona.com\/en\/sobre-nosotros\/","title":{"rendered":"About us"},"content":{"rendered":"<div data-elementor-type=\"wp-post\" data-elementor-id=\"2208\" class=\"elementor elementor-2208\" data-elementor-post-type=\"page\">\n\t\t\t\t<div class=\"elementor-element elementor-element-cec1efe e-flex e-con-boxed e-con e-parent\" data-id=\"cec1efe\" data-element_type=\"container\" data-e-type=\"container\" data-settings=\"{&quot;background_background&quot;:&quot;classic&quot;}\">\n\t\t\t\t\t<div class=\"e-con-inner\">\n\t\t<div class=\"elementor-element elementor-element-9ea9ca7 e-con-full e-flex e-con e-child\" data-id=\"9ea9ca7\" data-element_type=\"container\" data-e-type=\"container\">\n\t\t\t\t<div class=\"elementor-element elementor-element-d11ffd0 elementor-widget elementor-widget-heading\" data-id=\"d11ffd0\" data-element_type=\"widget\" data-e-type=\"widget\" data-widget_type=\"heading.default\">\n\t\t\t\t\t<h5 class=\"elementor-heading-title elementor-size-default\">A top-quality experience for all your sexual instincts.<\/h5>\t\t\t\t<\/div>\n\t\t\t\t<div class=\"elementor-element elementor-element-829f879 elementor-widget elementor-widget-heading\" data-id=\"829f879\" data-element_type=\"widget\" data-e-type=\"widget\" data-widget_type=\"heading.default\">\n\t\t\t\t\t<h1 class=\"elementor-heading-title elementor-size-default\">Learn more about us<\/h1>\t\t\t\t<\/div>\n\t\t\t\t<\/div>\n\t\t\t\t\t<\/div>\n\t\t\t\t<\/div>\n\t\t<div class=\"elementor-element elementor-element-513db83 e-flex e-con-boxed e-con e-parent\" data-id=\"513db83\" data-element_type=\"container\" data-e-type=\"container\" data-settings=\"{&quot;background_background&quot;:&quot;classic&quot;}\">\n\t\t\t\t\t<div class=\"e-con-inner\">\n\t\t<div class=\"elementor-element elementor-element-0edcd47 e-con-full e-flex e-con e-child\" data-id=\"0edcd47\" data-element_type=\"container\" data-e-type=\"container\">\n\t\t<div class=\"elementor-element elementor-element-c6a5513 e-con-full e-flex e-con e-child\" data-id=\"c6a5513\" data-element_type=\"container\" data-e-type=\"container\">\n\t\t<div class=\"elementor-element elementor-element-e88dfe4 e-con-full e-flex e-con e-child\" data-id=\"e88dfe4\" data-element_type=\"container\" data-e-type=\"container\">\n\t\t\t\t<div class=\"elementor-element elementor-element-85465d5 elementor-widget elementor-widget-image\" data-id=\"85465d5\" data-element_type=\"widget\" data-e-type=\"widget\" data-widget_type=\"image.default\">\n\t\t\t\t\t\t\t\t\t\t\t\t\t\t\t<img fetchpriority=\"high\" decoding=\"async\" width=\"909\" height=\"916\" src=\"https:\/\/escortsenbarcelona.com\/wp-content\/uploads\/2026\/03\/escort-agency.jpg\" class=\"attachment-full size-full wp-image-4222\" alt=\"escort agency\" srcset=\"https:\/\/escortsenbarcelona.com\/wp-content\/uploads\/2026\/03\/escort-agency.jpg 909w, https:\/\/escortsenbarcelona.com\/wp-content\/uploads\/2026\/03\/escort-agency-298x300.jpg 298w, https:\/\/escortsenbarcelona.com\/wp-content\/uploads\/2026\/03\/escort-agency-150x150.jpg 150w, https:\/\/escortsenbarcelona.com\/wp-content\/uploads\/2026\/03\/escort-agency-768x774.jpg 768w\" sizes=\"(max-width: 909px) 100vw, 909px\" title=\"\">\t\t\t\t\t\t\t\t\t\t\t\t\t\t\t<\/div>\n\t\t\t\t<\/div>\n\t\t<div class=\"elementor-element elementor-element-2482109 e-con-full e-flex e-con e-child\" data-id=\"2482109\" data-element_type=\"container\" data-e-type=\"container\">\n\t\t\t\t<div class=\"elementor-element elementor-element-1902e30 elementor-widget elementor-widget-heading\" data-id=\"1902e30\" data-element_type=\"widget\" data-e-type=\"widget\" data-widget_type=\"heading.default\">\n\t\t\t\t\t<h2 class=\"elementor-heading-title elementor-size-default\">Our story<\/h2>\t\t\t\t<\/div>\n\t\t\t\t<div class=\"elementor-element elementor-element-6c0688f elementor-widget elementor-widget-text-editor\" data-id=\"6c0688f\" data-element_type=\"widget\" data-e-type=\"widget\" data-widget_type=\"text-editor.default\">\n\t\t\t\t\t\t\t\t\t<p>In <a href=\"https:\/\/escortsenbarcelona.com\/en\/\"><strong>Escorts in Barcelona<\/strong><\/a>We don't just create encounters, we cultivate experiences. We are the choice of those who understand that true luxury isn't advertised, it's whispered.<\/p><p>Our agency was born from a vision to redefine the art of companionship, where beauty meets intelligence and discretion becomes the greatest virtue. Each of our companions has been meticulously selected not only for her physical attractiveness, but also for her intellect, elegance, and ability to conduct herself with equal grace at a gala dinner as in an intimate conversation under the stars.<\/p>\t\t\t\t\t\t\t\t<\/div>\n\t\t\t\t<div class=\"elementor-element elementor-element-c5dc3ee elementor-widget elementor-widget-html\" data-id=\"c5dc3ee\" data-element_type=\"widget\" data-e-type=\"widget\" data-widget_type=\"html.default\">\n\t\t\t\t\t<div id=\"wa-cita-full\" style=\"width:100%; margin:20px 0;\">\r\n  <a href=\"https:\/\/wa.link\/p280rg\" target=\"_blank\" rel=\"noopener\" aria-label=\"Reservar por WhatsApp\" style=\"       display:flex;       align-items:center;       justify-content:center;       gap:12px;       width:100%;       box-sizing:border-box;       padding:18px 24px;       background:#f0c74f;       color:#7a0000;       text-decoration:none;       border:2px solid #7a0000;       border-radius:14px;       font-weight:700;       font-size:22px;       text-align:center;     \">\r\n    \r\n    <span style=\"display:inline-flex; align-items:center; justify-content:center;\">\r\n      <svg viewbox=\"0 0 32 32\" aria-hidden=\"true\" style=\"width:24px; height:24px; fill:#7a0000; display:block;\">\r\n        <path d=\"M19.11 17.23c-.27-.14-1.58-.78-1.82-.87-.24-.09-.41-.14-.58.14-.17.27-.67.87-.82 1.05-.15.18-.31.2-.58.07-.27-.14-1.12-.41-2.14-1.3-.79-.7-1.33-1.56-1.48-1.83-.15-.27-.02-.42.11-.55.12-.12.27-.31.41-.46.14-.15.18-.27.27-.46.09-.18.05-.34-.02-.48-.07-.14-.58-1.39-.8-1.9-.21-.5-.43-.43-.58-.44h-.5c-.18 0-.46.07-.7.34-.24.27-.92.9-.92 2.19 0 1.28.94 2.52 1.07 2.7.14.18 1.85 2.83 4.49 3.97.63.27 1.12.43 1.5.55.63.2 1.2.17 1.66.1.51-.08 1.58-.65 1.8-1.28.22-.63.22-1.17.15-1.28-.06-.11-.24-.18-.51-.32zM16.27 4.01h-.02c-6.61 0-11.98 5.37-11.98 11.98 0 2.1.55 4.16 1.59 5.97L4 28l6.22-1.83a11.9 11.9 0 0 0 6.02 1.64h.01c6.61 0 11.99-5.37 11.99-11.98 0-3.2-1.25-6.21-3.51-8.47a11.9 11.9 0 0 0-8.46-3.35zm0 21.78h-.01a9.9 9.9 0 0 1-5.04-1.38l-.36-.21-3.69 1.09 1.11-3.59-.24-.37a9.94 9.94 0 0 1-1.53-5.3c0-5.49 4.47-9.96 9.97-9.96 2.66 0 5.16 1.03 7.04 2.91a9.9 9.9 0 0 1 2.92 7.05c0 5.5-4.47 9.96-9.97 9.96z\"\/>\r\n      <\/svg>\r\n    <\/span>\r\n\r\n    <span>Book your appointment<\/span>\r\n  <\/a>\r\n<\/div>\t\t\t\t<\/div>\n\t\t\t\t<\/div>\n\t\t\t\t<\/div>\n\t\t\t\t<\/div>\n\t\t\t\t\t<\/div>\n\t\t\t\t<\/div>\n\t\t<div class=\"elementor-element elementor-element-cdbfd63 e-flex e-con-boxed e-con e-parent\" data-id=\"cdbfd63\" data-element_type=\"container\" data-e-type=\"container\" data-settings=\"{&quot;background_background&quot;:&quot;classic&quot;}\">\n\t\t\t\t\t<div class=\"e-con-inner\">\n\t\t<div class=\"elementor-element elementor-element-a83588f e-con-full e-flex e-con e-child\" data-id=\"a83588f\" data-element_type=\"container\" data-e-type=\"container\">\n\t\t<div class=\"elementor-element elementor-element-76b895f e-con-full e-flex e-con e-child\" data-id=\"76b895f\" data-element_type=\"container\" data-e-type=\"container\">\n\t\t<div class=\"elementor-element elementor-element-da05891 e-con-full e-flex e-con e-child\" data-id=\"da05891\" data-element_type=\"container\" data-e-type=\"container\">\n\t\t\t\t<div class=\"elementor-element elementor-element-aa75f60 elementor-widget elementor-widget-image-box\" data-id=\"aa75f60\" data-element_type=\"widget\" data-e-type=\"widget\" data-widget_type=\"image-box.default\">\n\t\t\t\t\t<div class=\"elementor-image-box-wrapper\"><div class=\"elementor-image-box-content\"><h2 class=\"elementor-image-box-title\">50+<\/h2><p class=\"elementor-image-box-description\">Exclusive muses<\/p><\/div><\/div>\t\t\t\t<\/div>\n\t\t\t\t<div class=\"elementor-element elementor-element-8e96edf elementor-widget-divider--view-line elementor-widget elementor-widget-divider\" data-id=\"8e96edf\" data-element_type=\"widget\" data-e-type=\"widget\" data-widget_type=\"divider.default\">\n\t\t\t\t\t\t\t<div class=\"elementor-divider\">\n\t\t\t<span class=\"elementor-divider-separator\">\n\t\t\t\t\t\t<\/span>\n\t\t<\/div>\n\t\t\t\t\t\t<\/div>\n\t\t\t\t<div class=\"elementor-element elementor-element-5895aaf elementor-widget elementor-widget-text-editor\" data-id=\"5895aaf\" data-element_type=\"widget\" data-e-type=\"widget\" data-widget_type=\"text-editor.default\">\n\t\t\t\t\t\t\t\t\t<p>Selected not only for their beauty, but also for their intellect and elegance, each of our companions has the ability to shine in any setting, from a business dinner to a more intimate evening.<\/p>\t\t\t\t\t\t\t\t<\/div>\n\t\t\t\t<div class=\"elementor-element elementor-element-f234944 elementor-widget elementor-widget-image-box\" data-id=\"f234944\" data-element_type=\"widget\" data-e-type=\"widget\" data-widget_type=\"image-box.default\">\n\t\t\t\t\t<div class=\"elementor-image-box-wrapper\"><div class=\"elementor-image-box-content\"><h2 class=\"elementor-image-box-title\">30+<\/h2><p class=\"elementor-image-box-description\">Dream experiences<\/p><\/div><\/div>\t\t\t\t<\/div>\n\t\t\t\t<div class=\"elementor-element elementor-element-1713557 elementor-widget-divider--view-line elementor-widget elementor-widget-divider\" data-id=\"1713557\" data-element_type=\"widget\" data-e-type=\"widget\" data-widget_type=\"divider.default\">\n\t\t\t\t\t\t\t<div class=\"elementor-divider\">\n\t\t\t<span class=\"elementor-divider-separator\">\n\t\t\t\t\t\t<\/span>\n\t\t<\/div>\n\t\t\t\t\t\t<\/div>\n\t\t\t\t<div class=\"elementor-element elementor-element-bc4af6b elementor-widget elementor-widget-text-editor\" data-id=\"bc4af6b\" data-element_type=\"widget\" data-e-type=\"widget\" data-widget_type=\"text-editor.default\">\n\t\t\t\t\t\t\t\t\t<p>From opera boxes to sunsets on private yachts, we offer not just companionship, but also the creation of unique moments that linger in your memory long after the night has ended.<\/p>\t\t\t\t\t\t\t\t<\/div>\n\t\t\t\t<\/div>\n\t\t<div class=\"elementor-element elementor-element-77bb01b e-con-full e-flex e-con e-child\" data-id=\"77bb01b\" data-element_type=\"container\" data-e-type=\"container\">\n\t\t\t\t<div class=\"elementor-element elementor-element-09cc601 elementor-widget elementor-widget-image\" data-id=\"09cc601\" data-element_type=\"widget\" data-e-type=\"widget\" data-widget_type=\"image.default\">\n\t\t\t\t\t\t\t\t\t\t\t\t\t\t\t<img decoding=\"async\" width=\"585\" height=\"1024\" src=\"https:\/\/escortsenbarcelona.com\/wp-content\/uploads\/2026\/03\/sexy-girls-585x1024.png\" class=\"attachment-large size-large wp-image-4224\" alt=\"sexy girls\" srcset=\"https:\/\/escortsenbarcelona.com\/wp-content\/uploads\/2026\/03\/sexy-girls-585x1024.png 585w, https:\/\/escortsenbarcelona.com\/wp-content\/uploads\/2026\/03\/sexy-girls-171x300.png 171w, https:\/\/escortsenbarcelona.com\/wp-content\/uploads\/2026\/03\/sexy-girls.png 731w\" sizes=\"(max-width: 585px) 100vw, 585px\" title=\"\">\t\t\t\t\t\t\t\t\t\t\t\t\t\t\t<\/div>\n\t\t\t\t<\/div>\n\t\t<div class=\"elementor-element elementor-element-f529bcd e-con-full e-flex e-con e-child\" data-id=\"f529bcd\" data-element_type=\"container\" data-e-type=\"container\">\n\t\t\t\t<div class=\"elementor-element elementor-element-e6aa8e3 elementor-widget elementor-widget-image-box\" data-id=\"e6aa8e3\" data-element_type=\"widget\" data-e-type=\"widget\" data-widget_type=\"image-box.default\">\n\t\t\t\t\t<div class=\"elementor-image-box-wrapper\"><div class=\"elementor-image-box-content\"><h2 class=\"elementor-image-box-title\">200+<\/h2><p class=\"elementor-image-box-description\">Distinguished Clients<\/p><\/div><\/div>\t\t\t\t<\/div>\n\t\t\t\t<div class=\"elementor-element elementor-element-1caca81 elementor-widget-divider--view-line elementor-widget elementor-widget-divider\" data-id=\"1caca81\" data-element_type=\"widget\" data-e-type=\"widget\" data-widget_type=\"divider.default\">\n\t\t\t\t\t\t\t<div class=\"elementor-divider\">\n\t\t\t<span class=\"elementor-divider-separator\">\n\t\t\t\t\t\t<\/span>\n\t\t<\/div>\n\t\t\t\t\t\t<\/div>\n\t\t\t\t<div class=\"elementor-element elementor-element-ef60fa2 elementor-widget elementor-widget-text-editor\" data-id=\"ef60fa2\" data-element_type=\"widget\" data-e-type=\"widget\" data-widget_type=\"text-editor.default\">\n\t\t\t\t\t\t\t\t\t<p>Men and women from all over the world who value discretion and excellence. Your trust is our greatest asset, and every encounter is designed to exceed the expectations of even the most discerning clients.<\/p>\t\t\t\t\t\t\t\t<\/div>\n\t\t\t\t<div class=\"elementor-element elementor-element-8f193cf elementor-widget elementor-widget-image-box\" data-id=\"8f193cf\" data-element_type=\"widget\" data-e-type=\"widget\" data-widget_type=\"image-box.default\">\n\t\t\t\t\t<div class=\"elementor-image-box-wrapper\"><div class=\"elementor-image-box-content\"><h2 class=\"elementor-image-box-title\">10+<\/h2><p class=\"elementor-image-box-description\">Luxury destinations<\/p><\/div><\/div>\t\t\t\t<\/div>\n\t\t\t\t<div class=\"elementor-element elementor-element-48f9545 elementor-widget-divider--view-line elementor-widget elementor-widget-divider\" data-id=\"48f9545\" data-element_type=\"widget\" data-e-type=\"widget\" data-widget_type=\"divider.default\">\n\t\t\t\t\t\t\t<div class=\"elementor-divider\">\n\t\t\t<span class=\"elementor-divider-separator\">\n\t\t\t\t\t\t<\/span>\n\t\t<\/div>\n\t\t\t\t\t\t<\/div>\n\t\t\t\t<div class=\"elementor-element elementor-element-b37c46e elementor-widget elementor-widget-text-editor\" data-id=\"b37c46e\" data-element_type=\"widget\" data-e-type=\"widget\" data-widget_type=\"text-editor.default\">\n\t\t\t\t\t\t\t\t\t<p>We work with the world's most iconic hotels, restaurants, and resorts to ensure that every date takes place in an environment that reflects its exclusivity and comfort.<\/p>\t\t\t\t\t\t\t\t<\/div>\n\t\t\t\t<\/div>\n\t\t\t\t<\/div>\n\t\t\t\t<\/div>\n\t\t\t\t\t<\/div>\n\t\t\t\t<\/div>\n\t\t<div class=\"elementor-element elementor-element-e9bfe5b e-flex e-con-boxed e-con e-parent\" data-id=\"e9bfe5b\" data-element_type=\"container\" data-e-type=\"container\" data-settings=\"{&quot;background_background&quot;:&quot;classic&quot;}\">\n\t\t\t\t\t<div class=\"e-con-inner\">\n\t\t<div class=\"elementor-element elementor-element-c35ab16 e-con-full e-flex e-con e-child\" data-id=\"c35ab16\" data-element_type=\"container\" data-e-type=\"container\">\n\t\t\t\t<div class=\"elementor-element elementor-element-49022ec elementor-widget elementor-widget-heading\" data-id=\"49022ec\" data-element_type=\"widget\" data-e-type=\"widget\" data-widget_type=\"heading.default\">\n\t\t\t\t\t<h5 class=\"elementor-heading-title elementor-size-default\">Meet our<\/h5>\t\t\t\t<\/div>\n\t\t\t\t<div class=\"elementor-element elementor-element-b2ac507 elementor-widget elementor-widget-heading\" data-id=\"b2ac507\" data-element_type=\"widget\" data-e-type=\"widget\" data-widget_type=\"heading.default\">\n\t\t\t\t\t<h2 class=\"elementor-heading-title elementor-size-default\">Exuberant girls<\/h2>\t\t\t\t<\/div>\n\t\t<div class=\"elementor-element elementor-element-3747bf9 e-con-full e-flex e-con e-child\" data-id=\"3747bf9\" data-element_type=\"container\" data-e-type=\"container\">\n\t\t\t\t<div class=\"elementor-element elementor-element-005dbb7 elementor-widget elementor-widget-shortcode\" data-id=\"005dbb7\" data-element_type=\"widget\" data-e-type=\"widget\" data-widget_type=\"shortcode.default\">\n\t\t\t\t\t\t\t<div class=\"elementor-shortcode\"><div class=\"ebc-shortcode-shell\"><div class=\"ebc-grid-wrap columns-3\">        <article class=\"ebc-card ebc-card--compact\">\n            <a class=\"ebc-card-media\" href=\"https:\/\/escortsenbarcelona.com\/en\/escorts-barcelona\/yuki\/\">\n                                    <img decoding=\"async\" src=\"https:\/\/escortsenbarcelona.com\/wp-content\/uploads\/2026\/03\/Yuki-Tanaka3-1-585x1024.jpg\" alt=\"Yuki\" title=\"\">\n                            <\/a>\n            <div class=\"ebc-card-content\">\n                <h3><a href=\"https:\/\/escortsenbarcelona.com\/en\/escorts-barcelona\/yuki\/\">Yuki<\/a><\/h3>\n                <p class=\"ebc-card-subtitle\">Yuki is an exquisite Asian companion with porcelain skin<\/p>                            <\/div>\n        <\/article>\n                <article class=\"ebc-card ebc-card--compact\">\n            <a class=\"ebc-card-media\" href=\"https:\/\/escortsenbarcelona.com\/en\/escorts-barcelona\/emily\/\">\n                                    <img decoding=\"async\" src=\"https:\/\/escortsenbarcelona.com\/wp-content\/uploads\/2026\/03\/Emily-Whitmore1-585x1024.jpg\" alt=\"Emily\" title=\"\">\n                            <\/a>\n            <div class=\"ebc-card-content\">\n                <h3><a href=\"https:\/\/escortsenbarcelona.com\/en\/escorts-barcelona\/emily\/\">Emily<\/a><\/h3>\n                <p class=\"ebc-card-subtitle\">Emily is the personification of classic English beauty<\/p>                            <\/div>\n        <\/article>\n                <article class=\"ebc-card ebc-card--compact\">\n            <a class=\"ebc-card-media\" href=\"https:\/\/escortsenbarcelona.com\/en\/escorts-barcelona\/isadora-souza\/\">\n                                    <img decoding=\"async\" src=\"https:\/\/escortsenbarcelona.com\/wp-content\/uploads\/2026\/03\/Isadora-Souza-585x1024.jpg\" alt=\"Isadora\" title=\"\">\n                            <\/a>\n            <div class=\"ebc-card-content\">\n                <h3><a href=\"https:\/\/escortsenbarcelona.com\/en\/escorts-barcelona\/isadora-souza\/\">Isadora<\/a><\/h3>\n                <p class=\"ebc-card-subtitle\">Isadora is a Brazilian escort with natural curves and a charming smile<\/p>                            <\/div>\n        <\/article>\n        <\/div><\/div><\/div>\n\t\t\t\t\t\t<\/div>\n\t\t\t\t<\/div>\n\t\t\t\t<div class=\"elementor-element elementor-element-66710bf elementor-widget elementor-widget-html\" data-id=\"66710bf\" data-element_type=\"widget\" data-e-type=\"widget\" data-widget_type=\"html.default\">\n\t\t\t\t\t<div id=\"wa-cita-full\" style=\"width:100%; margin:20px 0;\">\r\n  <a href=\"https:\/\/wa.link\/p280rg\" target=\"_blank\" rel=\"noopener\" aria-label=\"Reservar por WhatsApp\" style=\"       display:flex;       align-items:center;       justify-content:center;       gap:12px;       width:100%;       box-sizing:border-box;       padding:18px 24px;       background:#f0c74f;       color:#7a0000;       text-decoration:none;       border:2px solid #7a0000;       border-radius:14px;       font-weight:700;       font-size:22px;       text-align:center;     \">\r\n    \r\n    <span style=\"display:inline-flex; align-items:center; justify-content:center;\">\r\n      <svg viewbox=\"0 0 32 32\" aria-hidden=\"true\" style=\"width:24px; height:24px; fill:#7a0000; display:block;\">\r\n        <path d=\"M19.11 17.23c-.27-.14-1.58-.78-1.82-.87-.24-.09-.41-.14-.58.14-.17.27-.67.87-.82 1.05-.15.18-.31.2-.58.07-.27-.14-1.12-.41-2.14-1.3-.79-.7-1.33-1.56-1.48-1.83-.15-.27-.02-.42.11-.55.12-.12.27-.31.41-.46.14-.15.18-.27.27-.46.09-.18.05-.34-.02-.48-.07-.14-.58-1.39-.8-1.9-.21-.5-.43-.43-.58-.44h-.5c-.18 0-.46.07-.7.34-.24.27-.92.9-.92 2.19 0 1.28.94 2.52 1.07 2.7.14.18 1.85 2.83 4.49 3.97.63.27 1.12.43 1.5.55.63.2 1.2.17 1.66.1.51-.08 1.58-.65 1.8-1.28.22-.63.22-1.17.15-1.28-.06-.11-.24-.18-.51-.32zM16.27 4.01h-.02c-6.61 0-11.98 5.37-11.98 11.98 0 2.1.55 4.16 1.59 5.97L4 28l6.22-1.83a11.9 11.9 0 0 0 6.02 1.64h.01c6.61 0 11.99-5.37 11.99-11.98 0-3.2-1.25-6.21-3.51-8.47a11.9 11.9 0 0 0-8.46-3.35zm0 21.78h-.01a9.9 9.9 0 0 1-5.04-1.38l-.36-.21-3.69 1.09 1.11-3.59-.24-.37a9.94 9.94 0 0 1-1.53-5.3c0-5.49 4.47-9.96 9.97-9.96 2.66 0 5.16 1.03 7.04 2.91a9.9 9.9 0 0 1 2.92 7.05c0 5.5-4.47 9.96-9.97 9.96z\"\/>\r\n      <\/svg>\r\n    <\/span>\r\n\r\n    <span>Book your appointment<\/span>\r\n  <\/a>\r\n<\/div>\t\t\t\t<\/div>\n\t\t\t\t<\/div>\n\t\t\t\t\t<\/div>\n\t\t\t\t<\/div>\n\t\t\t\t<\/div>","protected":false},"excerpt":{"rendered":"<p>Una experiencia de primera calidad para todos tus instintos sexuales. Conozca m\u00e1s sobre nosotros Nuestra historia En Escorts en Barcelona, \u200b\u200bno solo creamos encuentros, cultivamos experiencias. Somos la elecci\u00f3n de quienes entienden que el verdadero lujo no se anuncia, se susurra. Nuestra agencia naci\u00f3 de la visi\u00f3n de redefinir el arte de la compa\u00f1\u00eda, donde [&hellip;]<\/p>\n","protected":false},"author":1,"featured_media":0,"parent":0,"menu_order":0,"comment_status":"closed","ping_status":"closed","template":"","meta":{"site-sidebar-layout":"no-sidebar","site-content-layout":"page-builder","ast-site-content-layout":"full-width-container","site-content-style":"unboxed","site-sidebar-style":"unboxed","ast-global-header-display":"","ast-banner-title-visibility":"","ast-main-header-display":"","ast-hfb-above-header-display":"","ast-hfb-below-header-display":"","ast-hfb-mobile-header-display":"","site-post-title":"disabled","ast-breadcrumbs-content":"","ast-featured-img":"disabled","footer-sml-layout":"","ast-disable-related-posts":"","theme-transparent-header-meta":"enabled","adv-header-id-meta":"","stick-header-meta":"","header-above-stick-meta":"","header-main-stick-meta":"","header-below-stick-meta":"","astra-migrate-meta-layouts":"set","ast-page-background-enabled":"default","ast-page-background-meta":{"desktop":{"background-color":"","background-image":"","background-repeat":"repeat","background-position":"center center","background-size":"auto","background-attachment":"scroll","background-type":"","background-media":"","overlay-type":"","overlay-color":"","overlay-opacity":"","overlay-gradient":""},"tablet":{"background-color":"","background-image":"","background-repeat":"repeat","background-position":"center center","background-size":"auto","background-attachment":"scroll","background-type":"","background-media":"","overlay-type":"","overlay-color":"","overlay-opacity":"","overlay-gradient":""},"mobile":{"background-color":"","background-image":"","background-repeat":"repeat","background-position":"center center","background-size":"auto","background-attachment":"scroll","background-type":"","background-media":"","overlay-type":"","overlay-color":"","overlay-opacity":"","overlay-gradient":""}},"ast-content-background-meta":{"desktop":{"background-color":"var(--ast-global-color-5)","background-image":"","background-repeat":"repeat","background-position":"center center","background-size":"auto","background-attachment":"scroll","background-type":"","background-media":"","overlay-type":"","overlay-color":"","overlay-opacity":"","overlay-gradient":""},"tablet":{"background-color":"var(--ast-global-color-5)","background-image":"","background-repeat":"repeat","background-position":"center center","background-size":"auto","background-attachment":"scroll","background-type":"","background-media":"","overlay-type":"","overlay-color":"","overlay-opacity":"","overlay-gradient":""},"mobile":{"background-color":"var(--ast-global-color-5)","background-image":"","background-repeat":"repeat","background-position":"center center","background-size":"auto","background-attachment":"scroll","background-type":"","background-media":"","overlay-type":"","overlay-color":"","overlay-opacity":"","overlay-gradient":""}},"footnotes":""},"class_list":["post-2208","page","type-page","status-publish","hentry"],"_links":{"self":[{"href":"https:\/\/escortsenbarcelona.com\/en\/wp-json\/wp\/v2\/pages\/2208","targetHints":{"allow":["GET"]}}],"collection":[{"href":"https:\/\/escortsenbarcelona.com\/en\/wp-json\/wp\/v2\/pages"}],"about":[{"href":"https:\/\/escortsenbarcelona.com\/en\/wp-json\/wp\/v2\/types\/page"}],"author":[{"embeddable":true,"href":"https:\/\/escortsenbarcelona.com\/en\/wp-json\/wp\/v2\/users\/1"}],"replies":[{"embeddable":true,"href":"https:\/\/escortsenbarcelona.com\/en\/wp-json\/wp\/v2\/comments?post=2208"}],"version-history":[{"count":14,"href":"https:\/\/escortsenbarcelona.com\/en\/wp-json\/wp\/v2\/pages\/2208\/revisions"}],"predecessor-version":[{"id":4335,"href":"https:\/\/escortsenbarcelona.com\/en\/wp-json\/wp\/v2\/pages\/2208\/revisions\/4335"}],"wp:attachment":[{"href":"https:\/\/escortsenbarcelona.com\/en\/wp-json\/wp\/v2\/media?parent=2208"}],"curies":[{"name":"wp","href":"https:\/\/api.w.org\/{rel}","templated":true}]}}