{"id":4265,"date":"2026-03-17T13:09:27","date_gmt":"2026-03-17T13:09:27","guid":{"rendered":"https:\/\/escortsenbarcelona.com\/?page_id=4265"},"modified":"2026-03-17T13:09:27","modified_gmt":"2026-03-17T13:09:27","slug":"politica-de-privacidad","status":"publish","type":"page","link":"https:\/\/escortsenbarcelona.com\/fr\/politica-de-privacidad\/","title":{"rendered":"politique de confidentialit\u00e9"},"content":{"rendered":"<p><span style=\"font-family: 'Arial',sans-serif; color: black;\">La pr\u00e9sente Politique de confidentialit\u00e9 d\u00e9crit comment Escort in Barcelona utilise et prot\u00e8ge les informations fournies par ses utilisateurs lors de l'utilisation de son site web. Notre soci\u00e9t\u00e9 s'engage \u00e0 assurer la s\u00e9curit\u00e9 des donn\u00e9es de ses utilisateurs. Lorsque nous vous demandons de remplir des champs contenant des informations personnelles susceptibles de vous identifier, nous vous assurons que ces informations seront utilis\u00e9es uniquement conform\u00e9ment aux termes du pr\u00e9sent document. Toutefois, cette Politique de confidentialit\u00e9 peut \u00eatre modifi\u00e9e ou mise \u00e0 jour. Nous vous recommandons donc de consulter r\u00e9guli\u00e8rement cette page afin de prendre connaissance des \u00e9ventuelles modifications et de vous assurer qu'elles vous conviennent.<\/span><\/p>\n<p><strong><span style=\"font-family: 'Arial',sans-serif; color: black;\">Informations collect\u00e9es<\/span><\/strong><\/p>\n<p><span style=\"font-family: 'Arial',sans-serif; color: black;\">Notre site web peut collecter des informations personnelles telles que votre nom, vos coordonn\u00e9es (notamment votre adresse e-mail) et des donn\u00e9es d\u00e9mographiques. Des informations sp\u00e9cifiques peuvent \u00e9galement \u00eatre n\u00e9cessaires pour traiter une commande, effectuer une livraison ou \u00e9mettre une facture.<\/span><\/p>\n<p><strong><span style=\"font-family: 'Arial',sans-serif; color: black;\">Utilisation des informations collect\u00e9es<\/span><\/strong><\/p>\n<p><span style=\"font-family: 'Arial',sans-serif; color: black;\">Notre site web utilise vos informations pour vous offrir le meilleur service possible, notamment pour g\u00e9rer votre historique utilisateur, traiter vos commandes (le cas \u00e9ch\u00e9ant) et am\u00e9liorer nos produits et services. Nous pouvons vous envoyer p\u00e9riodiquement des e-mails via notre site contenant des offres sp\u00e9ciales, des informations sur nos nouveaux produits et d'autres informations promotionnelles susceptibles de vous int\u00e9resser. Ces e-mails seront envoy\u00e9s \u00e0 l'adresse que vous nous avez fournie et vous pouvez vous d\u00e9sabonner \u00e0 tout moment.<\/span><\/p>\n<p><span style=\"font-family: 'Arial',sans-serif; color: black;\">L'agence d'escortes de Barcelone s'engage pleinement \u00e0 prot\u00e9ger vos informations. Nous utilisons les syst\u00e8mes les plus performants et les mettons constamment \u00e0 jour afin d'emp\u00eacher tout acc\u00e8s non autoris\u00e9.<\/span><\/p>\n<p><strong><span style=\"font-family: 'Arial',sans-serif; color: black;\">Cookies<\/span><\/strong><\/p>\n<p><span style=\"font-family: 'Arial',sans-serif; color: black;\">Un cookie est un fichier envoy\u00e9 \u00e0 votre ordinateur pour vous demander l'autorisation d'y \u00eatre stock\u00e9. Une fois que vous l'acceptez, le fichier est cr\u00e9\u00e9 et utilis\u00e9 pour recueillir des informations sur le trafic web et faciliter vos prochaines visites sur un site. Les cookies permettent \u00e9galement aux sites web de vous reconna\u00eetre individuellement et ainsi de vous offrir un service plus performant et personnalis\u00e9.<\/span><\/p>\n<p><span style=\"font-family: 'Arial',sans-serif; color: black;\">Notre site web utilise des cookies pour identifier les pages consult\u00e9es et la fr\u00e9quence de leurs visites. Ces informations sont utilis\u00e9es exclusivement \u00e0 des fins d'analyse statistique, puis supprim\u00e9es d\u00e9finitivement. Vous pouvez supprimer les cookies de votre ordinateur \u00e0 tout moment. Bien que les cookies contribuent \u00e0 am\u00e9liorer votre exp\u00e9rience de navigation, ils ne nous donnent aucun acc\u00e8s \u00e0 votre ordinateur ni \u00e0 vos informations personnelles, sauf si vous choisissez de nous les fournir directement. <a href=\"\/fr\/%22https:\/noticiasvalenciacf.es\/\" target=\"\\\">nouvelles<\/a>Vous pouvez accepter ou refuser l'utilisation des cookies\u00a0; cependant, la plupart des navigateurs les acceptent automatiquement car ils contribuent \u00e0 am\u00e9liorer votre exp\u00e9rience de navigation. Vous pouvez \u00e9galement modifier les param\u00e8tres de votre ordinateur pour refuser les cookies. Dans ce cas, il se peut que vous ne puissiez pas utiliser certains de nos services.<\/span><\/p>\n<p><strong><span style=\"font-family: 'Arial',sans-serif; color: black;\">Liens tiers<\/span><\/strong><\/p>\n<p><span style=\"font-family: 'Arial',sans-serif; color: black;\">Ce site web peut contenir des liens vers d'autres sites susceptibles de vous int\u00e9resser. Lorsque vous cliquez sur ces liens et quittez notre site, nous n'avons plus aucun contr\u00f4le sur le site vers lequel vous \u00eates redirig\u00e9 et ne sommes donc pas responsables des conditions d'utilisation, des politiques de confidentialit\u00e9 ni des pratiques de protection des donn\u00e9es de ces sites tiers. Ces sites sont soumis \u00e0 leurs propres politiques de confidentialit\u00e9\u00a0; nous vous recommandons de les consulter afin de vous assurer qu'elles vous conviennent.<\/span><\/p>\n<p><strong><span style=\"font-family: 'Arial',sans-serif; color: black;\">Contr\u00f4le de vos informations personnelles<\/span><\/strong><\/p>\n<p><span style=\"font-family: 'Arial',sans-serif; color: black;\">Vous pouvez \u00e0 tout moment limiter la collecte ou l'utilisation de vos informations personnelles fournies sur notre site web. Lorsque vous remplissez un formulaire, comme un formulaire d'inscription, vous pouvez cocher ou d\u00e9cocher l'option permettant de recevoir des informations par courriel. Si vous avez choisi de recevoir notre infolettre ou nos publicit\u00e9s, vous pouvez vous d\u00e9sabonner \u00e0 tout moment.<\/span><\/p>\n<p><span style=\"font-family: 'Arial',sans-serif; color: black;\">Cette soci\u00e9t\u00e9 ne vendra, ne transf\u00e9rera ni ne distribuera les renseignements personnels recueillis sans votre consentement, sauf si un juge l\u2019exige par ordonnance du tribunal.<\/span><\/p>\n<p><span style=\"font-family: 'Arial',sans-serif; color: black;\">L'agence d'escortes de Barcelone se r\u00e9serve le droit de modifier les termes de cette politique de confidentialit\u00e9 \u00e0 tout moment.<\/span><\/p>","protected":false},"excerpt":{"rendered":"<p>El presente Pol\u00edtica de Privacidad establece los t\u00e9rminos en que Escort en barcelona usa y protege la informaci\u00f3n que es proporcionada por sus usuarios al momento de utilizar su sitio web. Esta compa\u00f1\u00eda est\u00e1 comprometida con la seguridad de los datos de sus usuarios. Cuando le pedimos llenar los campos de informaci\u00f3n personal con la [&hellip;]<\/p>\n","protected":false},"author":1,"featured_media":0,"parent":0,"menu_order":0,"comment_status":"closed","ping_status":"closed","template":"","meta":{"site-sidebar-layout":"default","site-content-layout":"","ast-site-content-layout":"default","site-content-style":"default","site-sidebar-style":"default","ast-global-header-display":"","ast-banner-title-visibility":"","ast-main-header-display":"","ast-hfb-above-header-display":"","ast-hfb-below-header-display":"","ast-hfb-mobile-header-display":"","site-post-title":"","ast-breadcrumbs-content":"","ast-featured-img":"","footer-sml-layout":"","ast-disable-related-posts":"","theme-transparent-header-meta":"default","adv-header-id-meta":"","stick-header-meta":"","header-above-stick-meta":"","header-main-stick-meta":"","header-below-stick-meta":"","astra-migrate-meta-layouts":"set","ast-page-background-enabled":"default","ast-page-background-meta":{"desktop":{"background-color":"","background-image":"","background-repeat":"repeat","background-position":"center center","background-size":"auto","background-attachment":"scroll","background-type":"","background-media":"","overlay-type":"","overlay-color":"","overlay-opacity":"","overlay-gradient":""},"tablet":{"background-color":"","background-image":"","background-repeat":"repeat","background-position":"center center","background-size":"auto","background-attachment":"scroll","background-type":"","background-media":"","overlay-type":"","overlay-color":"","overlay-opacity":"","overlay-gradient":""},"mobile":{"background-color":"","background-image":"","background-repeat":"repeat","background-position":"center center","background-size":"auto","background-attachment":"scroll","background-type":"","background-media":"","overlay-type":"","overlay-color":"","overlay-opacity":"","overlay-gradient":""}},"ast-content-background-meta":{"desktop":{"background-color":"var(--ast-global-color-5)","background-image":"","background-repeat":"repeat","background-position":"center center","background-size":"auto","background-attachment":"scroll","background-type":"","background-media":"","overlay-type":"","overlay-color":"","overlay-opacity":"","overlay-gradient":""},"tablet":{"background-color":"var(--ast-global-color-5)","background-image":"","background-repeat":"repeat","background-position":"center center","background-size":"auto","background-attachment":"scroll","background-type":"","background-media":"","overlay-type":"","overlay-color":"","overlay-opacity":"","overlay-gradient":""},"mobile":{"background-color":"var(--ast-global-color-5)","background-image":"","background-repeat":"repeat","background-position":"center center","background-size":"auto","background-attachment":"scroll","background-type":"","background-media":"","overlay-type":"","overlay-color":"","overlay-opacity":"","overlay-gradient":""}},"footnotes":""},"class_list":["post-4265","page","type-page","status-publish","hentry"],"_links":{"self":[{"href":"https:\/\/escortsenbarcelona.com\/fr\/wp-json\/wp\/v2\/pages\/4265","targetHints":{"allow":["GET"]}}],"collection":[{"href":"https:\/\/escortsenbarcelona.com\/fr\/wp-json\/wp\/v2\/pages"}],"about":[{"href":"https:\/\/escortsenbarcelona.com\/fr\/wp-json\/wp\/v2\/types\/page"}],"author":[{"embeddable":true,"href":"https:\/\/escortsenbarcelona.com\/fr\/wp-json\/wp\/v2\/users\/1"}],"replies":[{"embeddable":true,"href":"https:\/\/escortsenbarcelona.com\/fr\/wp-json\/wp\/v2\/comments?post=4265"}],"version-history":[{"count":1,"href":"https:\/\/escortsenbarcelona.com\/fr\/wp-json\/wp\/v2\/pages\/4265\/revisions"}],"predecessor-version":[{"id":4266,"href":"https:\/\/escortsenbarcelona.com\/fr\/wp-json\/wp\/v2\/pages\/4265\/revisions\/4266"}],"wp:attachment":[{"href":"https:\/\/escortsenbarcelona.com\/fr\/wp-json\/wp\/v2\/media?parent=4265"}],"curies":[{"name":"wp","href":"https:\/\/api.w.org\/{rel}","templated":true}]}}