{"id":4270,"date":"2026-03-17T13:22:00","date_gmt":"2026-03-17T13:22:00","guid":{"rendered":"https:\/\/escortsenbarcelona.com\/?page_id=4270"},"modified":"2026-03-17T13:22:00","modified_gmt":"2026-03-17T13:22:00","slug":"politica-de-cookies","status":"publish","type":"page","link":"https:\/\/escortsenbarcelona.com\/fr\/politica-de-cookies\/","title":{"rendered":"Politique relative aux cookies"},"content":{"rendered":"<p data-start=\"964\" data-end=\"997\"><strong data-start=\"964\" data-end=\"989\">Derni\u00e8re mise \u00e0 jour\u00a0:<\/strong> 17\/03\/2026<\/p>\n<p data-start=\"999\" data-end=\"1334\">Sur ce site web, <strong data-start=\"1018\" data-end=\"1035\">escortenbarcelona.es<\/strong>, appartenant \u00e0 <strong data-start=\"1052\" data-end=\"1086\">l'entreprise<\/strong>Nous utilisons des cookies et des technologies similaires pour assurer le bon fonctionnement du site, am\u00e9liorer l'exp\u00e9rience de navigation, analyser l'utilisation du site web et, le cas \u00e9ch\u00e9ant, afficher des publicit\u00e9s personnalis\u00e9es ou en mesurer l'efficacit\u00e9.<\/p>\n<p data-start=\"1336\" data-end=\"1515\">Cette politique relative aux cookies explique ce que sont les cookies, les types que nous utilisons, \u00e0 quelles fins, combien de temps ils restent actifs et comment vous pouvez les configurer ou les d\u00e9sactiver.<\/p>\n<h3 data-section-id=\"i5hu1b\" data-start=\"1517\" data-end=\"1545\">1. Que sont les cookies ?<\/h3>\n<p data-start=\"1547\" data-end=\"2066\">Les cookies sont de petits fichiers t\u00e9l\u00e9charg\u00e9s sur votre appareil lorsque vous acc\u00e9dez \u00e0 certains sites web ou applications. Ils permettent de stocker et de r\u00e9cup\u00e9rer des informations relatives \u00e0 votre navigation et \u00e0 votre utilisation du site. Par exemple, ils peuvent servir \u00e0 vous reconna\u00eetre en tant qu'utilisateur, \u00e0 m\u00e9moriser vos pr\u00e9f\u00e9rences ou \u00e0 analyser l'utilisation du site. Cette explication est conforme aux recommandations de l'Agence espagnole de protection des donn\u00e9es (AEPD) concernant les informations devant figurer dans une politique relative aux cookies.<\/p>\n<h3 data-section-id=\"ufry39\" data-start=\"2068\" data-end=\"2114\">2. Quels types de cookies ce site web utilise-t-il\u00a0?<\/h3>\n<p data-start=\"2116\" data-end=\"2183\">Ce site web peut utiliser les cat\u00e9gories de cookies suivantes\u00a0:<\/p>\n<p data-start=\"2185\" data-end=\"2570\"><strong data-start=\"2185\" data-end=\"2221\">a) Cookies techniques ou n\u00e9cessaires<\/strong><br data-start=\"2221\" data-end=\"2224\" \/>Ces cookies sont indispensables au fonctionnement de base du site web et permettent la navigation, la gestion de session, l'acc\u00e8s aux zones s\u00e9curis\u00e9es, la m\u00e9morisation des param\u00e8tres techniques et la gestion du consentement relatif aux cookies. Ces cookies ne n\u00e9cessitent pas de consentement lorsqu'ils rel\u00e8vent des finalit\u00e9s exempt\u00e9es.<\/p>\n<p data-start=\"2572\" data-end=\"2834\"><strong data-start=\"2572\" data-end=\"2620\">b) Cookies de pr\u00e9f\u00e9rence ou de personnalisation<\/strong><br data-start=\"2620\" data-end=\"2623\" \/>Elles vous permettent de m\u00e9moriser des informations afin que vous puissiez acc\u00e9der au service avec certaines caract\u00e9ristiques qui peuvent diff\u00e9rencier votre exp\u00e9rience de celle des autres utilisateurs, telles que la langue, la r\u00e9gion ou certains param\u00e8tres d'interface.<\/p>\n<p data-start=\"2836\" data-end=\"3054\"><strong data-start=\"2836\" data-end=\"2873\">c) Cookies d'analyse ou de mesure<\/strong><br data-start=\"2873\" data-end=\"2876\" \/>Elles permettent de quantifier le nombre d'utilisateurs et d'effectuer des mesures et des analyses statistiques de la mani\u00e8re dont les utilisateurs utilisent le site web, afin d'apporter des am\u00e9liorations.<\/p>\n<p data-start=\"3056\" data-end=\"3331\"><strong data-start=\"3056\" data-end=\"3099\">d) Cookies publicitaires comportementaux<\/strong><br data-start=\"3099\" data-end=\"3102\" \/>Elles permettent le stockage d'informations sur le comportement des utilisateurs, obtenues gr\u00e2ce \u00e0 l'observation continue de leurs habitudes de navigation, ce qui permet d'\u00e9tablir un profil sp\u00e9cifique pour afficher des publicit\u00e9s personnalis\u00e9es.<\/p>\n<h3 data-section-id=\"1ekztop\" data-start=\"4180\" data-end=\"4207\">4. Fondement de la l\u00e9gitimit\u00e9<\/h3>\n<p data-start=\"4209\" data-end=\"4666\">La base l\u00e9gale de l'utilisation des cookies non essentiels est la <strong data-start=\"4269\" data-end=\"4287\">consentement<\/strong> L\u2019utilisateur peut donner, refuser ou configurer son consentement via la banni\u00e8re ou le panneau de param\u00e8tres qui s\u2019affiche lors de l\u2019acc\u00e8s au site web. Les cookies techniques ou strictement n\u00e9cessaires peuvent \u00eatre utilis\u00e9s sans consentement lorsqu\u2019ils sont indispensables \u00e0 la fourniture du service demand\u00e9 ou rel\u00e8vent des finalit\u00e9s exempt\u00e9es.<\/p>\n<h3 data-section-id=\"m48puo\" data-start=\"4668\" data-end=\"4721\">5. Comment votre consentement est-il obtenu et g\u00e9r\u00e9 ?<\/h3>\n<p data-start=\"4723\" data-end=\"4822\">Lors de votre premi\u00e8re visite sur ce site web, vous verrez un avis relatif aux cookies \u00e0 partir duquel vous pourrez\u00a0:<\/p>\n<ul data-start=\"4824\" data-end=\"4993\">\n<li data-section-id=\"1vgwmc2\" data-start=\"4824\" data-end=\"4856\">\n<p data-start=\"4826\" data-end=\"4856\"><strong data-start=\"4826\" data-end=\"4837\">Accepter<\/strong> Tous les cookies.<\/p>\n<\/li>\n<li data-section-id=\"1wv7mxt\" data-start=\"4857\" data-end=\"4904\">\n<p data-start=\"4859\" data-end=\"4904\"><strong data-start=\"4859\" data-end=\"4871\">D\u00e9clin<\/strong> Tous les cookies non essentiels.<\/p>\n<\/li>\n<li data-section-id=\"11n5cx\" data-start=\"4905\" data-end=\"4993\">\n<p data-start=\"4907\" data-end=\"4993\"><strong data-start=\"4907\" data-end=\"4921\">Configure<\/strong> Sp\u00e9cifiez pr\u00e9cis\u00e9ment les cat\u00e9gories de cookies que vous souhaitez autoriser ou refuser.<\/p>\n<\/li>\n<\/ul>\n<p data-start=\"4995\" data-end=\"5231\">L\u2019Agence espagnole de protection des donn\u00e9es (AEPD) exige que ces options soient claires et visibles, et que l\u2019acc\u00e8s au panneau de configuration soit direct. Elle recommande \u00e9galement que la gestion des cookies reste accessible en permanence.<\/p>\n<h3 data-section-id=\"8hu96k\" data-start=\"5481\" data-end=\"5543\">6. Comment d\u00e9sactiver ou supprimer les cookies de mon navigateur\u00a0?<\/h3>\n<p data-start=\"5545\" data-end=\"5801\">Outre le panneau de configuration des cookies sur ce site web, vous pouvez autoriser, bloquer ou supprimer les cookies via les param\u00e8tres de votre navigateur. Veuillez noter que la d\u00e9sactivation de certains cookies peut affecter le bon fonctionnement du site.<\/p>\n<p data-start=\"5803\" data-end=\"5888\">Vous pouvez consulter l'aide des navigateurs les plus courants sur leurs pages officielles\u00a0:<\/p>\n<ul data-start=\"5890\" data-end=\"5957\">\n<li data-section-id=\"zjiu4f\" data-start=\"5890\" data-end=\"5907\">\n<p data-start=\"5892\" data-end=\"5907\">Google Chrome<\/p>\n<\/li>\n<li data-section-id=\"4mrvch\" data-start=\"5908\" data-end=\"5927\">\n<p data-start=\"5910\" data-end=\"5927\">Mozilla Firefox<\/p>\n<\/li>\n<li data-section-id=\"1wlcinz\" data-start=\"5928\" data-end=\"5946\">\n<p data-start=\"5930\" data-end=\"5946\">Microsoft Edge<\/p>\n<\/li>\n<li data-section-id=\"bcdque\" data-start=\"5947\" data-end=\"5957\">\n<p data-start=\"5949\" data-end=\"5957\">Safari<\/p>\n<\/li>\n<\/ul>\n<h3 data-section-id=\"1wwgb5u\" data-start=\"5959\" data-end=\"5985\">7. Cookies tiers<\/h3>\n<p data-start=\"5987\" data-end=\"6413\">Ce site web peut utiliser des cookies tiers. Dans ce cas, ces tiers peuvent traiter les informations obtenues par le biais de leurs cookies \u00e0 leurs propres fins, conform\u00e9ment \u00e0 leurs politiques respectives. Lorsque des cookies tiers non exempt\u00e9s sont utilis\u00e9s, il convient de s'assurer que l'utilisateur re\u00e7oit les informations n\u00e9cessaires et qu'un m\u00e9canisme valide de consentement et de retrait est mis en place.<\/p>\n<p data-start=\"6415\" data-end=\"6551\">Nous vous recommandons de consulter les politiques de confidentialit\u00e9 et de cookies de ces tiers pour en savoir plus sur la mani\u00e8re dont ils traitent vos donn\u00e9es.<\/p>\n<h3 data-section-id=\"1m5qedb\" data-start=\"6553\" data-end=\"6599\">8. Transferts internationaux de donn\u00e9es<\/h3>\n<p data-start=\"6601\" data-end=\"6900\">Certains cookies tiers peuvent impliquer des transferts internationaux de donn\u00e9es en dehors de l'Espace \u00e9conomique europ\u00e9en. Dans ce cas, ces transferts seront effectu\u00e9s conform\u00e9ment aux garanties appropri\u00e9es pr\u00e9vues par la r\u00e9glementation applicable et la politique du tiers concern\u00e9.<\/p>\n<h3 data-section-id=\"9z425x\" data-start=\"6902\" data-end=\"6940\">9. Traitement des donn\u00e9es personnelles<\/h3>\n<p data-start=\"6942\" data-end=\"7465\">L\u2019utilisation de cookies peut impliquer le traitement de donn\u00e9es personnelles, notamment lorsqu\u2019ils permettent de vous identifier directement ou indirectement ou lorsqu\u2019ils cr\u00e9ent des profils de navigation. Vous trouverez des informations compl\u00e9mentaires sur le traitement de vos donn\u00e9es personnelles dans notre politique de confidentialit\u00e9. <strong data-start=\"7210\" data-end=\"7236\">politique de confidentialit\u00e9<\/strong>Le guide de l'AEPD rappelle express\u00e9ment aux utilisateurs que certains cookies peuvent impliquer le traitement de donn\u00e9es personnelles et n\u00e9cessiter le respect de r\u00e9glementations suppl\u00e9mentaires en mati\u00e8re de protection des donn\u00e9es.<\/p>\n<h3 data-section-id=\"7yb7u3\" data-start=\"7467\" data-end=\"7507\">10. Mises \u00e0 jour de cette politique<\/h3>\n<p data-start=\"7509\" data-end=\"7733\">La pr\u00e9sente politique relative aux cookies peut \u00eatre mise \u00e0 jour en cas de modification des cookies utilis\u00e9s, des param\u00e8tres du site web ou des exigences l\u00e9gales et r\u00e9glementaires applicables. Par cons\u00e9quent, nous vous recommandons de la consulter r\u00e9guli\u00e8rement.<\/p>\n<h3 data-section-id=\"1b6locn\" data-start=\"7735\" data-end=\"7751\">11. Contact<\/h3>\n<p data-start=\"7753\" data-end=\"7834\">Si vous avez des questions concernant cette politique relative aux cookies, vous pouvez nous contacter \u00e0 l'adresse suivante\u00a0:<\/p>\n<p data-start=\"7753\" data-end=\"7834\"><strong data-start=\"7882\" data-end=\"7892\">E-mail:<\/strong> info@escortenbarcelona.es<\/p>","protected":false},"excerpt":{"rendered":"<p>\u00daltima actualizaci\u00f3n: 17\/03\/2026 En este sitio web, escortenbarcelona.es, titularidad de la compa\u00f1\u00eda, utilizamos cookies y tecnolog\u00edas similares para garantizar el funcionamiento del sitio, mejorar la experiencia de navegaci\u00f3n, analizar el uso de la web y, en su caso, mostrar publicidad personalizada o medir su eficacia. La presente Pol\u00edtica de Cookies explica qu\u00e9 son las cookies, [&hellip;]<\/p>\n","protected":false},"author":1,"featured_media":0,"parent":0,"menu_order":0,"comment_status":"closed","ping_status":"closed","template":"","meta":{"site-sidebar-layout":"default","site-content-layout":"","ast-site-content-layout":"default","site-content-style":"default","site-sidebar-style":"default","ast-global-header-display":"","ast-banner-title-visibility":"","ast-main-header-display":"","ast-hfb-above-header-display":"","ast-hfb-below-header-display":"","ast-hfb-mobile-header-display":"","site-post-title":"","ast-breadcrumbs-content":"","ast-featured-img":"","footer-sml-layout":"","ast-disable-related-posts":"","theme-transparent-header-meta":"default","adv-header-id-meta":"","stick-header-meta":"","header-above-stick-meta":"","header-main-stick-meta":"","header-below-stick-meta":"","astra-migrate-meta-layouts":"set","ast-page-background-enabled":"default","ast-page-background-meta":{"desktop":{"background-color":"","background-image":"","background-repeat":"repeat","background-position":"center center","background-size":"auto","background-attachment":"scroll","background-type":"","background-media":"","overlay-type":"","overlay-color":"","overlay-opacity":"","overlay-gradient":""},"tablet":{"background-color":"","background-image":"","background-repeat":"repeat","background-position":"center center","background-size":"auto","background-attachment":"scroll","background-type":"","background-media":"","overlay-type":"","overlay-color":"","overlay-opacity":"","overlay-gradient":""},"mobile":{"background-color":"","background-image":"","background-repeat":"repeat","background-position":"center center","background-size":"auto","background-attachment":"scroll","background-type":"","background-media":"","overlay-type":"","overlay-color":"","overlay-opacity":"","overlay-gradient":""}},"ast-content-background-meta":{"desktop":{"background-color":"var(--ast-global-color-5)","background-image":"","background-repeat":"repeat","background-position":"center center","background-size":"auto","background-attachment":"scroll","background-type":"","background-media":"","overlay-type":"","overlay-color":"","overlay-opacity":"","overlay-gradient":""},"tablet":{"background-color":"var(--ast-global-color-5)","background-image":"","background-repeat":"repeat","background-position":"center center","background-size":"auto","background-attachment":"scroll","background-type":"","background-media":"","overlay-type":"","overlay-color":"","overlay-opacity":"","overlay-gradient":""},"mobile":{"background-color":"var(--ast-global-color-5)","background-image":"","background-repeat":"repeat","background-position":"center center","background-size":"auto","background-attachment":"scroll","background-type":"","background-media":"","overlay-type":"","overlay-color":"","overlay-opacity":"","overlay-gradient":""}},"footnotes":""},"class_list":["post-4270","page","type-page","status-publish","hentry"],"_links":{"self":[{"href":"https:\/\/escortsenbarcelona.com\/fr\/wp-json\/wp\/v2\/pages\/4270","targetHints":{"allow":["GET"]}}],"collection":[{"href":"https:\/\/escortsenbarcelona.com\/fr\/wp-json\/wp\/v2\/pages"}],"about":[{"href":"https:\/\/escortsenbarcelona.com\/fr\/wp-json\/wp\/v2\/types\/page"}],"author":[{"embeddable":true,"href":"https:\/\/escortsenbarcelona.com\/fr\/wp-json\/wp\/v2\/users\/1"}],"replies":[{"embeddable":true,"href":"https:\/\/escortsenbarcelona.com\/fr\/wp-json\/wp\/v2\/comments?post=4270"}],"version-history":[{"count":2,"href":"https:\/\/escortsenbarcelona.com\/fr\/wp-json\/wp\/v2\/pages\/4270\/revisions"}],"predecessor-version":[{"id":4272,"href":"https:\/\/escortsenbarcelona.com\/fr\/wp-json\/wp\/v2\/pages\/4270\/revisions\/4272"}],"wp:attachment":[{"href":"https:\/\/escortsenbarcelona.com\/fr\/wp-json\/wp\/v2\/media?parent=4270"}],"curies":[{"name":"wp","href":"https:\/\/api.w.org\/{rel}","templated":true}]}}